{"id":382,"date":"2025-11-25T03:31:06","date_gmt":"2025-11-25T03:31:06","guid":{"rendered":"https:\/\/natu.cr\/?page_id=382"},"modified":"2025-11-29T21:06:21","modified_gmt":"2025-11-29T21:06:21","slug":"vip","status":"publish","type":"page","link":"https:\/\/natu.cr\/index.php\/vip\/","title":{"rendered":"Natu VIP Club"},"content":{"rendered":"<p>[et_pb_section fb_built=&#8221;1&#8243; admin_label=&#8221;About&#8221; _builder_version=&#8221;4.27.0&#8243; background_color=&#8221;#2e3f39&#8243; locked=&#8221;off&#8221; global_colors_info=&#8221;{}&#8221;][et_pb_row _builder_version=&#8221;4.27.0&#8243; _module_preset=&#8221;default&#8221; global_colors_info=&#8221;{}&#8221;][et_pb_column type=&#8221;4_4&#8243; _builder_version=&#8221;4.27.0&#8243; _module_preset=&#8221;default&#8221; global_colors_info=&#8221;{}&#8221;][et_pb_text _builder_version=&#8221;4.27.0&#8243; _module_preset=&#8221;default&#8221; global_colors_info=&#8221;{}&#8221;]<\/p>\n<p><a href=\"https:\/\/natu.cr\/wp-content\/uploads\/2025\/02\/logo-color.svg\"><img loading=\"lazy\" decoding=\"async\" src=\"https:\/\/natu.cr\/wp-content\/uploads\/2025\/02\/logo-color.svg\" width=\"301\" height=\"233\" alt=\"\" class=\"wp-image-329 alignnone size-large\" style=\"display: block; margin-left: auto; margin-right: auto;\" \/><\/a><\/p>\n<p>[\/et_pb_text][\/et_pb_column][\/et_pb_row][et_pb_row column_structure=&#8221;3_5,2_5&#8243; _builder_version=&#8221;4.16&#8243; global_colors_info=&#8221;{}&#8221;][et_pb_column type=&#8221;3_5&#8243; _builder_version=&#8221;4.16&#8243; custom_padding=&#8221;100px||||false|false&#8221; custom_padding_tablet=&#8221;0px||||false|false&#8221; custom_padding_phone=&#8221;&#8221; custom_padding_last_edited=&#8221;on|phone&#8221; global_colors_info=&#8221;{}&#8221;][et_pb_text _builder_version=&#8221;4.27.0&#8243; text_text_color=&#8221;rgba(255,207,154,0.7)&#8221; text_line_height=&#8221;1.8em&#8221; header_text_color=&#8221;#E09900&#8243; header_2_font=&#8221;Rectory Display||||||||&#8221; header_2_text_color=&#8221;gcid-primary-color&#8221; header_2_font_size=&#8221;60px&#8221; header_3_font=&#8221;&#8211;et_global_body_font|700||on|||||&#8221; header_3_text_color=&#8221;gcid-primary-color&#8221; header_3_font_size=&#8221;14px&#8221; header_3_letter_spacing=&#8221;2px&#8221; header_3_line_height=&#8221;1.2em&#8221; header_5_font=&#8221;|700||on|||||&#8221; header_5_text_color=&#8221;#ffcf9a&#8221; header_5_font_size=&#8221;14px&#8221; header_5_letter_spacing=&#8221;2px&#8221; header_5_line_height=&#8221;1.2em&#8221; background_layout=&#8221;dark&#8221; max_width=&#8221;550px&#8221; header_2_font_size_tablet=&#8221;40px&#8221; header_2_font_size_phone=&#8221;30px&#8221; locked=&#8221;off&#8221; global_colors_info=&#8221;{%22gcid-primary-color%22:%91%22link_text_color%22,%22header_2_text_color%22,%22header_3_text_color%22%93,%22gcid-heading-color%22:%91%22header_text_color%22,%22header_4_text_color%22,%22header_2_text_color%22,%22header_5_text_color%22,%22header_6_text_color%22,%22quote_text_color%22,%22header_text_color%22,%22header_4_text_color%22,%22header_5_text_color%22,%22header_6_text_color%22,%22quote_text_color%22,%22header_text_color%22,%22header_4_text_color%22,%22header_5_text_color%22,%22header_6_text_color%22,%22quote_text_color%22,%22header_4_text_color%22,%22header_5_text_color%22,%22header_6_text_color%22,%22quote_text_color%22%93,%22gcid-body-color%22:%91%22text_text_color%22,%22text_text_color%22,%22text_text_color%22,%22text_text_color%22%93,%22gcid-secondary-color%22:%91%22quote_border_color%22,%22quote_border_color%22,%22quote_border_color%22,%22quote_border_color%22%93}&#8221;]<\/p>\n<h2>yoU Are Not Here<\/h2>\n<h3>vip club<\/h3>\n<p data-start=\"355\" data-end=\"621\">En Natu Speakeasy creemos que las mejores experiencias no se encuentran\u2026 se descubren.<br data-start=\"441\" data-end=\"444\" \/>Ser parte de nuestro Club VIP significa cruzar un umbral que muy pocos conocen: un espacio reservado para quienes valoran lo oculto, lo exclusivo y lo verdaderamente inesperado.<\/p>\n<p data-start=\"623\" data-end=\"710\">Aqu\u00ed, la puerta no solo te abre el paso: <strong data-start=\"664\" data-end=\"710\">te revela privilegios creados a tu medida.<\/strong><\/p>\n<p>[\/et_pb_text][\/et_pb_column][et_pb_column type=&#8221;2_5&#8243; _builder_version=&#8221;4.16&#8243; border_width_all=&#8221;2px&#8221; border_color_all=&#8221;#ffcf9a&#8221; global_colors_info=&#8221;{}&#8221;][et_pb_image src=&#8221;https:\/\/natu.cr\/wp-content\/uploads\/2025\/02\/9R1A0003-Edit.jpg&#8221; title_text=&#8221;9R1A0003-Edit&#8221; align=&#8221;center&#8221; admin_label=&#8221;Image&#8221; _builder_version=&#8221;4.27.0&#8243; z_index=&#8221;0&#8243; max_width_phone=&#8221;150px&#8221; max_width_last_edited=&#8221;off|desktop&#8221; custom_margin=&#8221;30px|-30px|30px|-30px|true|true&#8221; filter_opacity=&#8221;70%&#8221; mix_blend_mode=&#8221;overlay&#8221; locked=&#8221;off&#8221; global_colors_info=&#8221;{}&#8221;][\/et_pb_image][\/et_pb_column][\/et_pb_row][et_pb_row column_structure=&#8221;3_5,2_5&#8243; _builder_version=&#8221;4.16&#8243; global_colors_info=&#8221;{}&#8221;][et_pb_column type=&#8221;3_5&#8243; _builder_version=&#8221;4.16&#8243; custom_padding=&#8221;100px||||false|false&#8221; custom_padding_tablet=&#8221;0px||||false|false&#8221; custom_padding_phone=&#8221;&#8221; custom_padding_last_edited=&#8221;on|phone&#8221; global_colors_info=&#8221;{}&#8221;][et_pb_text _builder_version=&#8221;4.27.0&#8243; text_text_color=&#8221;rgba(255,207,154,0.7)&#8221; text_line_height=&#8221;1.8em&#8221; header_text_color=&#8221;#E09900&#8243; header_2_font=&#8221;Rectory Display||||||||&#8221; header_2_text_color=&#8221;gcid-primary-color&#8221; header_2_font_size=&#8221;60px&#8221; header_3_font=&#8221;&#8211;et_global_body_font|700||on|||||&#8221; header_3_text_color=&#8221;gcid-primary-color&#8221; header_3_font_size=&#8221;14px&#8221; header_3_letter_spacing=&#8221;2px&#8221; header_3_line_height=&#8221;1.2em&#8221; header_5_font=&#8221;|700||on|||||&#8221; header_5_text_color=&#8221;#ffcf9a&#8221; header_5_font_size=&#8221;14px&#8221; header_5_letter_spacing=&#8221;2px&#8221; header_5_line_height=&#8221;1.2em&#8221; background_layout=&#8221;dark&#8221; max_width=&#8221;550px&#8221; header_2_font_size_tablet=&#8221;40px&#8221; header_2_font_size_phone=&#8221;30px&#8221; locked=&#8221;off&#8221; global_colors_info=&#8221;{%22gcid-primary-color%22:%91%22link_text_color%22,%22header_2_text_color%22,%22header_3_text_color%22%93,%22gcid-heading-color%22:%91%22header_text_color%22,%22header_4_text_color%22,%22header_2_text_color%22,%22header_5_text_color%22,%22header_6_text_color%22,%22quote_text_color%22,%22header_text_color%22,%22header_4_text_color%22,%22header_5_text_color%22,%22header_6_text_color%22,%22quote_text_color%22,%22header_text_color%22,%22header_4_text_color%22,%22header_5_text_color%22,%22header_6_text_color%22,%22quote_text_color%22,%22header_4_text_color%22,%22header_5_text_color%22,%22header_6_text_color%22,%22quote_text_color%22%93,%22gcid-body-color%22:%91%22text_text_color%22,%22text_text_color%22,%22text_text_color%22,%22text_text_color%22%93,%22gcid-secondary-color%22:%91%22quote_border_color%22,%22quote_border_color%22,%22quote_border_color%22,%22quote_border_color%22%93}&#8221;]<\/p>\n<h2>beneficios<\/h2>\n<h2><span style=\"font-size: medium;\">*Indispensable presentar la tarjeta<\/span><\/h2>\n<p>&nbsp;<\/p>\n<h3 data-start=\"573\" data-end=\"610\"><strong data-start=\"577\" data-end=\"608\">20% de descuento en bebidas<\/strong><\/h3>\n<p data-start=\"611\" data-end=\"693\">Todos tus cocteles, vinos y bebidas premium con un ahorro exclusivo para miembros. Para ti y tu grupo.<\/p>\n<h3 data-start=\"695\" data-end=\"732\"><strong data-start=\"699\" data-end=\"730\">15% de descuento en comidas<\/strong><\/h3>\n<p data-start=\"733\" data-end=\"809\">Disfruta nuestra cocina con un precio preferencial cada vez que nos visites. Para ti y tu grupo.<\/p>\n<h3 data-start=\"811\" data-end=\"863\"><strong data-start=\"815\" data-end=\"861\">Postre gratis con la compra de tu almuerzo<\/strong><\/h3>\n<p data-start=\"864\" data-end=\"956\">Un detalle dulce, cortes\u00eda de la casa, reservado solo para quienes tienen la llave del club. Para el tarjetahabiente.\u00a0<\/p>\n<h3 data-start=\"958\" data-end=\"1017\">Caf\u00e9 gratis al comprar tus helados en Nando &amp; Tulia<\/h3>\n<p data-start=\"1018\" data-end=\"1150\">Tu membres\u00eda tambi\u00e9n abre puertas fuera del bar clandestino: Disfruta de un caf\u00e9 americano de cortes\u00eda por la compra de dos helados en nuestra cafeter\u00eda hermana.<\/p>\n<h3 data-start=\"1152\" data-end=\"1205\"><strong data-start=\"1156\" data-end=\"1203\">Acceso a carta secreta de cocteles y comida<\/strong><\/h3>\n<p data-start=\"1206\" data-end=\"1348\">Una selecci\u00f3n exclusiva que no aparece en el men\u00fa p\u00fablico. Recetas \u00fanicas, sabores ocultos y platillos creados especialmente para el Club VIP.<\/p>\n<p data-start=\"1206\" data-end=\"1348\"><span style=\"color: #ffffff;\"><strong>***Leer reglamento para condiciones y restricciones.<\/strong><\/span><\/p>\n<p>[\/et_pb_text][\/et_pb_column][et_pb_column type=&#8221;2_5&#8243; _builder_version=&#8221;4.16&#8243; border_width_all=&#8221;2px&#8221; border_color_all=&#8221;#ffcf9a&#8221; global_colors_info=&#8221;{}&#8221;][et_pb_text _builder_version=&#8221;4.27.0&#8243; _module_preset=&#8221;default&#8221; global_colors_info=&#8221;{}&#8221;]<iframe src=\"https:\/\/www.cognitoforms.com\/f\/62Z4k82B9k-VzwR6uj5lDQ\/10\" allow=\"payment\" style=\"border:0;width:100%;\" height=\"477\"><\/iframe><br \/>\n<script src=\"https:\/\/www.cognitoforms.com\/f\/iframe.js\"><\/script>[\/et_pb_text][\/et_pb_column][\/et_pb_row][\/et_pb_section][et_pb_section fb_built=&#8221;1&#8243; _builder_version=&#8221;4.27.0&#8243; _module_preset=&#8221;default&#8221; background_color=&#8221;#e1e4c1&#8243; global_colors_info=&#8221;{}&#8221;][et_pb_row _builder_version=&#8221;4.27.0&#8243; _module_preset=&#8221;default&#8221; global_colors_info=&#8221;{}&#8221;][et_pb_column type=&#8221;4_4&#8243; _builder_version=&#8221;4.27.0&#8243; _module_preset=&#8221;default&#8221; global_colors_info=&#8221;{}&#8221;][et_pb_text _builder_version=&#8221;4.27.0&#8243; _module_preset=&#8221;default&#8221; inline_fonts=&#8221;Rectory Display&#8221; global_colors_info=&#8221;{}&#8221;]<\/p>\n<h4><span style=\"font-size: x-large;\"><strong><span style=\"color: #000000; font-family: 'Rectory Display';\">Reglamento de Uso Tarjeta Cliente VIP NATU Speakeasy<\/span><\/strong><\/span><\/h4>\n<p><span style=\"font-size: small;\">La Tarjeta Cliente VIP del Bar NATU Speakeasy es un beneficio exclusivo otorgado a un grupo selecto de clientes. Su uso implica la aceptaci\u00f3n total del presente reglamento: <\/span><\/p>\n<p><span style=\"font-size: small;\"><strong>1.1 Descripci\u00f3n de la tarjeta: <\/strong><\/span><br \/><span style=\"font-size: small;\">La tarjeta Cliente VIP del Bar NATU Speakeasy:<\/span><\/p>\n<p><span style=\"font-size: small;\">&#8211; La tarjeta es exclusiva para personas residentes y locales, que adem\u00e1s cumplan con los requisitos para ser candidatos a obtener los beneficios que se otorgan.<\/span><br \/><span style=\"font-size: small;\">&#8211; Es una tarjeta f\u00edsica de uso exclusivo del tarjetahabiente previamente registrado en el sistema del bar.<\/span><\/p>\n<p><span style=\"font-size: small;\">&#8211; Incluye un c\u00f3digo QR que dirige directamente a la p\u00e1gina oficial donde se detallan las promociones vigentes, sus fechas de validez y condiciones.<\/span><br \/><span style=\"font-size: small;\">&#8211; Cada tarjeta cuenta con una fecha de caducidad, despu\u00e9s de la cual los beneficios quedar\u00e1n autom\u00e1ticamente invalidados.<\/span><br \/><span style=\"font-size: small;\">&#8211; El dise\u00f1o y caracter\u00edsticas de la tarjeta pueden variar seg\u00fan las ediciones especiales del Bar NATU Speakeasy.<\/span><\/p>\n<p><span style=\"font-size: small;\"><strong>1.2 Naturaleza de la tarjeta<\/strong>: <\/span><br \/><span style=\"font-size: small;\">&#8211; La tarjeta es personal, exclusiva y no transferible.<\/span><br \/><span style=\"font-size: small;\">&#8211; \u00danicamente el tarjetahabiente registrado puede hacer uso de sus beneficios, seg\u00fan las pol\u00edticas y promociones del bar establecidas en un tiempo determinado. <\/span><br \/><span style=\"font-size: small;\">&#8211; Es v\u00e1lida dentro del Bar NATU Speakeasy y en los eventos o experiencias asociadas oficialmente al lugar cuando expl\u00edcitamente lo ofrezca. <\/span><\/p>\n<p><span style=\"font-size: small;\"><strong>2. Promociones y beneficios<\/strong><\/span><br \/><span style=\"font-size: small;\">&#8211; Las promociones vigentes estar\u00e1n disponibles mediante el c\u00f3digo QR en la tarjeta para su consulta. <\/span><br \/><span style=\"font-size: small;\">&#8211; Las promociones pueden cambiar, actualizarse o suspenderse sin previo aviso.<\/span><br \/><span style=\"font-size: small;\">&#8211; Se recomienda revisar la p\u00e1gina con regularidad para conocer promociones por temporada o mes.<\/span><br \/><span style=\"font-size: small;\">&#8211; Toda promoci\u00f3n tendr\u00e1 una fecha de vigencia o caducidad.<\/span><br \/><span style=\"font-size: small;\">&#8211; La mayor\u00eda de los beneficios aplican para el tarjetahabiente y hasta tres (3) acompa\u00f1antes por visita, al menos que se indique otra cosa en la p\u00e1gina oficial de promociones del bar. <\/span><\/p>\n<p><span style=\"font-size: small;\"><strong>3. Beneficios exclusivos para el tarjetahabiente<\/strong><\/span><br \/><span style=\"font-size: small;\">&#8211; En la pagina oficial de promociones se har\u00e1 mensi\u00f3n de algunas promociones y cortes\u00edas especiales que aplican solo al tarjetahabiente. Como postres o bebidas de cortes\u00edas, entre otros. Este beneficio no es otorgable ni transferible a los acompa\u00f1antes. <\/span><\/p>\n<p><span style=\"font-size: small;\"><strong>4. Descuentos generales: <\/strong><\/span><br \/><span style=\"font-size: small;\">&#8211; Los descuentos aplican al tarjetahabiente y hasta tres acompa\u00f1antes <u>locales<\/u> como m\u00e1ximo.<\/span><\/p>\n<p><span style=\"font-size: small;\">-Los beneficios no aplican para acompa\u00f1antes que no sean residentes o turistas.<\/span><\/p>\n<p><span style=\"font-size: small;\">-El bar se reserva el derecho de restringir o no aplicar algun beneficio si as\u00ed lo considera. \u00a0<\/span><\/p>\n<p><span style=\"font-size: small;\"><strong>5. Validez, restricciones y caducidad<\/strong>: <\/span><br \/><span style=\"font-size: small;\">&#8211; Todas las promociones est\u00e1n sujetas a disponibilidad.<\/span><br \/><span style=\"font-size: small;\">&#8211; Los beneficios no son acumulables.<\/span><br \/><span style=\"font-size: small;\">&#8211; La tarjeta tiene una fecha de caducidad. <\/span><br \/><span style=\"font-size: small;\">&#8211; Beneficios pueden suspenderse por uso indebido.<\/span><br \/><span style=\"font-size: small;\">&#8211; Este reglamento puede modificarse en cualquier momento.<\/span><br \/><span style=\"font-size: small;\">&#8211; La versi\u00f3n vigente ser\u00e1 la publicada mediante el QR.<\/span><br \/><span style=\"font-size: small;\">&#8211; El uso de la Tarjeta Cliente VIP implica aceptaci\u00f3n total del reglamento.<\/span><\/p>\n<p>&nbsp;<\/p>\n<p>[\/et_pb_text][\/et_pb_column][\/et_pb_row][\/et_pb_section]<\/p>\n","protected":false},"excerpt":{"rendered":"<p>yoU Are Not Here vip club En Natu Speakeasy creemos que las mejores experiencias no se encuentran\u2026 se descubren.Ser parte de nuestro Club VIP significa cruzar un umbral que muy pocos conocen: un espacio reservado para quienes valoran lo oculto, lo exclusivo y lo verdaderamente inesperado. Aqu\u00ed, la puerta no solo te abre el paso: te revela privilegios creados a tu medida.beneficios *Indispensable presentar la tarjeta &nbsp; 20% de descuento en bebidas Todos tus cocteles, vinos y bebidas premium con un ahorro exclusivo para miembros. Para ti y tu grupo. 15% de descuento en comidas Disfruta nuestra cocina con un precio preferencial cada vez que nos visites. Para ti y tu grupo. Postre gratis con la compra de tu almuerzo Un detalle dulce, cortes\u00eda de la casa, reservado solo para quienes tienen la llave del club. Para el tarjetahabiente.\u00a0 Caf\u00e9 gratis al comprar tus helados en Nando &amp; Tulia Tu membres\u00eda tambi\u00e9n abre puertas fuera del bar clandestino: Disfruta de un caf\u00e9 americano de cortes\u00eda por la compra de dos helados en nuestra cafeter\u00eda hermana. Acceso a carta secreta de cocteles y comida Una selecci\u00f3n exclusiva que no aparece en el men\u00fa p\u00fablico. Recetas \u00fanicas, sabores ocultos y platillos creados [&hellip;]<\/p>\n","protected":false},"author":1,"featured_media":0,"parent":0,"menu_order":0,"comment_status":"closed","ping_status":"closed","template":"","meta":{"_et_pb_use_builder":"on","_et_pb_old_content":"","_et_gb_content_width":"","inline_featured_image":false,"footnotes":""},"class_list":["post-382","page","type-page","status-publish","hentry"],"_links":{"self":[{"href":"https:\/\/natu.cr\/index.php\/wp-json\/wp\/v2\/pages\/382","targetHints":{"allow":["GET"]}}],"collection":[{"href":"https:\/\/natu.cr\/index.php\/wp-json\/wp\/v2\/pages"}],"about":[{"href":"https:\/\/natu.cr\/index.php\/wp-json\/wp\/v2\/types\/page"}],"author":[{"embeddable":true,"href":"https:\/\/natu.cr\/index.php\/wp-json\/wp\/v2\/users\/1"}],"replies":[{"embeddable":true,"href":"https:\/\/natu.cr\/index.php\/wp-json\/wp\/v2\/comments?post=382"}],"version-history":[{"count":8,"href":"https:\/\/natu.cr\/index.php\/wp-json\/wp\/v2\/pages\/382\/revisions"}],"predecessor-version":[{"id":394,"href":"https:\/\/natu.cr\/index.php\/wp-json\/wp\/v2\/pages\/382\/revisions\/394"}],"wp:attachment":[{"href":"https:\/\/natu.cr\/index.php\/wp-json\/wp\/v2\/media?parent=382"}],"curies":[{"name":"wp","href":"https:\/\/api.w.org\/{rel}","templated":true}]}}